{"id":122,"date":"2021-08-09T16:12:03","date_gmt":"2021-08-09T14:12:03","guid":{"rendered":"https:\/\/breckweg.staging.hrnetzwerk.de\/?page_id=122"},"modified":"2025-02-13T13:03:22","modified_gmt":"2025-02-13T11:03:22","slug":"karriere","status":"publish","type":"page","link":"https:\/\/www.breckweg.de\/?page_id=122","title":{"rendered":"Karriere"},"content":{"rendered":"<p>[et_pb_section fb_built=&#8220;1&#8243; admin_label=&#8220;Header&#8220; _builder_version=&#8220;4.16&#8243; _module_preset=&#8220;default&#8220; use_background_color_gradient=&#8220;on&#8220; background_color_gradient_stops=&#8220;rgba(0,0,0,0.71) 0%|rgba(0,0,0,0) 100%&#8220; background_color_gradient_overlays_image=&#8220;on&#8220; background_color_gradient_start=&#8220;rgba(0,0,0,0.71)&#8220; background_color_gradient_end=&#8220;rgba(0,0,0,0)&#8220; background_image=&#8220;https:\/\/www.breckweg.de\/wp-content\/uploads\/2021\/08\/Karriere-1.jpg&#8220; custom_padding=&#8220;8vw||0vw||false|false&#8220; global_colors_info=&#8220;{}&#8220;][et_pb_row _builder_version=&#8220;4.16&#8243; _module_preset=&#8220;default&#8220; global_colors_info=&#8220;{}&#8220;][et_pb_column type=&#8220;4_4&#8243; _builder_version=&#8220;4.16&#8243; _module_preset=&#8220;default&#8220; global_colors_info=&#8220;{}&#8220;][et_pb_text _builder_version=&#8220;4.16&#8243; _module_preset=&#8220;bc3df28d-7a1e-4346-9b94-aa11c48ce922&#8243; header_4_font=&#8220;Tajawal|700||on|||||&#8220; header_4_text_color=&#8220;#FFFFFF&#8220; header_4_font_size=&#8220;14px&#8220; header_4_letter_spacing=&#8220;2px&#8220; header_4_line_height=&#8220;1.5em&#8220; custom_margin=&#8220;||0px||false|false&#8220; header_4_font_size_tablet=&#8220;13px&#8220; header_4_font_size_phone=&#8220;12px&#8220; header_4_font_size_last_edited=&#8220;on|phone&#8220; locked=&#8220;off&#8220; global_colors_info=&#8220;{}&#8220;]<\/p>\n<h4><\/h4>\n<p>[\/et_pb_text][et_pb_text _builder_version=&#8220;4.16&#8243; _module_preset=&#8220;b0bf5418-994a-43d1-aef8-7d7c6764119d&#8220; header_font=&#8220;Tajawal|900|||||||&#8220; header_text_color=&#8220;#FFFFFF&#8220; header_font_size=&#8220;100px&#8220; max_width=&#8220;900px&#8220; header_font_size_tablet=&#8220;50px&#8220; header_font_size_phone=&#8220;32px&#8220; header_font_size_last_edited=&#8220;on|phone&#8220; locked=&#8220;off&#8220; global_colors_info=&#8220;{}&#8220;]<\/p>\n<h1>\u00a0<\/h1>\n<p>[\/et_pb_text][\/et_pb_column][\/et_pb_row][et_pb_row column_structure=&#8220;1_3,2_3&#8243; use_custom_gutter=&#8220;on&#8220; gutter_width=&#8220;1&#8243; _builder_version=&#8220;4.16&#8243; _module_preset=&#8220;default&#8220; custom_padding=&#8220;0px||0px||true|&#8220; global_colors_info=&#8220;{}&#8220;][et_pb_column type=&#8220;1_3&#8243; _builder_version=&#8220;4.16&#8243; _module_preset=&#8220;default&#8220; global_colors_info=&#8220;{}&#8220;][\/et_pb_column][et_pb_column type=&#8220;2_3&#8243; _builder_version=&#8220;4.16&#8243; _module_preset=&#8220;default&#8220; background_color=&#8220;#FFFFFF&#8220; custom_padding=&#8220;30px|30px|30px|30px|true|true&#8220; custom_padding_tablet=&#8220;&#8220; custom_padding_phone=&#8220;20px|20px|20px|20px|true|true&#8220; custom_padding_last_edited=&#8220;on|phone&#8220; global_colors_info=&#8220;{}&#8220;][et_pb_text _builder_version=&#8220;4.16&#8243; _module_preset=&#8220;bc3df28d-7a1e-4346-9b94-aa11c48ce922&#8243; text_font=&#8220;|800|||||||&#8220; text_text_color=&#8220;#C1C1C1&#8243; text_font_size=&#8220;20px&#8220; header_4_font=&#8220;Tajawal|700||on|||||&#8220; header_4_text_color=&#8220;#71B100&#8243; header_4_font_size=&#8220;14px&#8220; header_4_letter_spacing=&#8220;2px&#8220; header_4_line_height=&#8220;1.5em&#8220; custom_margin=&#8220;||0px||false|false&#8220; custom_padding=&#8220;||1px|||&#8220; header_4_font_size_tablet=&#8220;13px&#8220; header_4_font_size_phone=&#8220;12px&#8220; header_4_font_size_last_edited=&#8220;on|phone&#8220; locked=&#8220;off&#8220; global_colors_info=&#8220;{}&#8220;]Hand in Hand durch die Welt des Kalkes. [\/et_pb_text][et_pb_text _builder_version=&#8220;4.16&#8243; _module_preset=&#8220;default&#8220; text_font=&#8220;Tajawal|700|||||||&#8220; text_text_color=&#8220;#003772&#8243; text_font_size=&#8220;60px&#8220; text_line_height=&#8220;1.2em&#8220; link_text_color=&#8220;#244435&#8243; header_3_text_color=&#8220;#FFFFFF&#8220; text_font_size_tablet=&#8220;8vw&#8220; text_font_size_phone=&#8220;&#8220; text_font_size_last_edited=&#8220;on|tablet&#8220; header_font_size_tablet=&#8220;55px&#8220; header_font_size_phone=&#8220;&#8220; header_font_size_last_edited=&#8220;on|tablet&#8220; locked=&#8220;off&#8220; global_colors_info=&#8220;{%22gcid-87cad038-7afd-4dda-acb0-0a24d4ccd112%22:%91%93,%22gcid-431bd12a-5227-4536-9132-2528c0596703%22:%91%93,%22gcid-87ce0c3f-2a7b-40dd-8a42-4148be75d651%22:%91%93}&#8220;]<\/p>\n<p><span style=\"color: #373320;\"><a href=\"tel:123-456-7890\" style=\"color: #373320;\"><span style=\"color: #003772;\">Karriere<\/span><\/a><\/span><\/p>\n<p>[\/et_pb_text][\/et_pb_column][\/et_pb_row][\/et_pb_section][et_pb_section fb_built=&#8220;1&#8243; admin_label=&#8220;Contact&#8220; _builder_version=&#8220;4.16&#8243; _module_preset=&#8220;default&#8220; background_color=&#8220;#E9E9E9&#8243; custom_padding=&#8220;0px||4px||false|false&#8220; global_colors_info=&#8220;{}&#8220;][et_pb_row column_structure=&#8220;1_3,1_3,1_3&#8243; use_custom_gutter=&#8220;on&#8220; gutter_width=&#8220;1&#8243; _builder_version=&#8220;4.16&#8243; _module_preset=&#8220;default&#8220; background_enable_color=&#8220;off&#8220; custom_padding=&#8220;0px||||false|false&#8220; global_colors_info=&#8220;{}&#8220;][et_pb_column type=&#8220;1_3&#8243; _builder_version=&#8220;4.16&#8243; _module_preset=&#8220;default&#8220; background_color=&#8220;#FFFFFF&#8220; custom_padding=&#8220;30px|30px|30px|30px|true|true&#8220; box_shadow_style=&#8220;preset3&#8243; box_shadow_vertical=&#8220;39px&#8220; box_shadow_blur=&#8220;74px&#8220; box_shadow_spread=&#8220;-8px&#8220; box_shadow_color=&#8220;rgba(0,0,0,0.2)&#8220; global_colors_info=&#8220;{}&#8220;][et_pb_text _builder_version=&#8220;4.16&#8243; _module_preset=&#8220;default&#8220; text_text_color=&#8220;#003772&#8243; text_font_size=&#8220;16px&#8220; text_letter_spacing=&#8220;1px&#8220; custom_margin=&#8220;45px|||||&#8220; custom_padding=&#8220;||17px|||&#8220; global_colors_info=&#8220;{}&#8220;]<\/p>\n<p><strong>Sie m\u00f6chten mehr \u00fcber die Welt des Kalkes erfahren und haben Interesse mit uns anzupacken, um Gro\u00dfes zu bewegen? Dann sollten wir uns kennenlernen.<\/strong><\/p>\n<p>[\/et_pb_text][et_pb_text _builder_version=&#8220;4.16&#8243; _module_preset=&#8220;default&#8220; text_text_color=&#8220;#003772&#8243; text_font_size=&#8220;16px&#8220; custom_padding=&#8220;35px||0px|||&#8220; global_colors_info=&#8220;{}&#8220;]<\/p>\n<p>Senden Sie uns Ihre aussagekr\u00e4ftigen Bewerbungsunterlagen per Email an:<\/p>\n<p style=\"text-align: center;\"><span style=\"font-size: large;\"><strong><span style=\"text-decoration: underline;\">bewerbung@breckweg.de<\/span> <br \/><\/strong><\/span><\/p>\n<p style=\"text-align: center;\"><span style=\"font-size: small;\">(Anschreiben, Lebenslauf, Zeugnisse).<\/span><\/p>\n<p>[\/et_pb_text][\/et_pb_column][et_pb_column type=&#8220;1_3&#8243; _builder_version=&#8220;4.16&#8243; _module_preset=&#8220;default&#8220; background_color=&#8220;#003772&#8243; custom_padding=&#8220;40px|20px|52px|20px|false|true&#8220; custom_padding_phone=&#8220;20px|20px|20px|20px|true|true&#8220; custom_padding_last_edited=&#8220;off|phone&#8220; global_colors_info=&#8220;{}&#8220;][et_pb_text _builder_version=&#8220;4.17.4&#8243; _module_preset=&#8220;328ee7ad-ed91-4601-a1e5-70b2dcbbb6a8&#8243; text_font=&#8220;||||||||&#8220; text_text_color=&#8220;#FFFFFF&#8220; text_font_size=&#8220;16px&#8220; text_letter_spacing=&#8220;1px&#8220; text_line_height=&#8220;1.8em&#8220; text_orientation=&#8220;center&#8220; max_width=&#8220;800px&#8220; text_font_size_tablet=&#8220;15px&#8220; text_font_size_phone=&#8220;14px&#8220; text_font_size_last_edited=&#8220;off|desktop&#8220; locked=&#8220;off&#8220; global_colors_info=&#8220;{}&#8220;]<\/p>\n<p>Schon seit \u00fcber 90 Jahren arbeiten wir mit Herz und vollem Tatendrang an der Aufbereitung von Kalk. Daf\u00fcr ziehen wir mit allen Mitarbeitern gemeinsam an einem Strang.<\/p>\n<p>[\/et_pb_text][\/et_pb_column][et_pb_column type=&#8220;1_3&#8243; _builder_version=&#8220;4.16&#8243; _module_preset=&#8220;default&#8220; background_color=&#8220;#C5C5D8&#8243; custom_padding=&#8220;40px|30px|80px|30px|false|true&#8220; custom_padding_phone=&#8220;20px|20px|20px|20px|true|true&#8220; custom_padding_last_edited=&#8220;off|desktop&#8220; global_colors_info=&#8220;{}&#8220;][et_pb_text _builder_version=&#8220;4.16&#8243; _module_preset=&#8220;328ee7ad-ed91-4601-a1e5-70b2dcbbb6a8&#8243; text_font=&#8220;||||||||&#8220; text_text_color=&#8220;#003772&#8243; text_font_size=&#8220;16px&#8220; text_letter_spacing=&#8220;1px&#8220; text_line_height=&#8220;1.8em&#8220; text_orientation=&#8220;center&#8220; max_width=&#8220;800px&#8220; custom_padding=&#8220;0px|||||&#8220; text_font_size_tablet=&#8220;15px&#8220; text_font_size_phone=&#8220;14px&#8220; text_font_size_last_edited=&#8220;off|desktop&#8220; locked=&#8220;off&#8220; global_colors_info=&#8220;{}&#8220;]<\/p>\n<p>Das Gef\u00fchl nach dem Feierabend etwas geschafft zu haben, ist bei uns genau so selbstverst\u00e4ndlich wie Kalk in der Zahnpasta.<\/p>\n<p>[\/et_pb_text][\/et_pb_column][\/et_pb_row][et_pb_row _builder_version=&#8220;4.16&#8243; _module_preset=&#8220;default&#8220; custom_padding=&#8220;0px|||||&#8220; global_colors_info=&#8220;{}&#8220;][et_pb_column type=&#8220;4_4&#8243; _builder_version=&#8220;4.16&#8243; _module_preset=&#8220;default&#8220; global_colors_info=&#8220;{}&#8220;][et_pb_text _builder_version=&#8220;4.16&#8243; _module_preset=&#8220;default&#8220; text_font=&#8220;|600|||||||&#8220; text_font_size=&#8220;31px&#8220; text_letter_spacing=&#8220;3px&#8220; text_orientation=&#8220;center&#8220; min_height=&#8220;21.8px&#8220; global_colors_info=&#8220;{}&#8220;]STELLENANGEBOTE[\/et_pb_text][\/et_pb_column][\/et_pb_row][\/et_pb_section][et_pb_section fb_built=&#8220;1&#8243; _builder_version=&#8220;4.17.4&#8243; _module_preset=&#8220;default&#8220; background_color=&#8220;#E9E9E9&#8243; custom_padding=&#8220;3px||54px|||&#8220; global_colors_info=&#8220;{}&#8220;][et_pb_row column_structure=&#8220;1_3,1_3,1_3&#8243; _builder_version=&#8220;4.16&#8243; _module_preset=&#8220;default&#8220; custom_padding=&#8220;0px|||||&#8220; global_colors_info=&#8220;{}&#8220;][et_pb_column type=&#8220;1_3&#8243; _builder_version=&#8220;4.16&#8243; _module_preset=&#8220;default&#8220; global_colors_info=&#8220;{}&#8220;][et_pb_blurb title=&#8220;Werk Rheine&#8220; url_new_window=&#8220;on&#8220; image_icon_width=&#8220;75%&#8220; disabled_on=&#8220;off|off|off&#8220; _builder_version=&#8220;4.27.4&#8243; _module_preset=&#8220;default&#8220; header_text_align=&#8220;center&#8220; animation=&#8220;off&#8220; global_colors_info=&#8220;{}&#8220;]<\/p>\n<h3 style=\"text-align: center;\"><span style=\"color: #003772;\"><strong>Schlosser<br \/><\/strong><\/span><strong><span style=\"color: #003772;\">(m\/w\/d<\/span>)<\/strong><\/h3>\n<p>[\/et_pb_blurb][et_pb_image src=&#8220;https:\/\/www.breckweg.de\/wp-content\/uploads\/2025\/02\/Schlosser.jpg&#8220; title_text=&#8220;Schlosser&#8220; show_in_lightbox=&#8220;on&#8220; _builder_version=&#8220;4.27.4&#8243; _module_preset=&#8220;default&#8220; custom_margin=&#8220;||26px|||&#8220; global_colors_info=&#8220;{}&#8220; min_height=&#8220;599.3px&#8220; custom_padding=&#8220;17px|||||&#8220;][\/et_pb_image][et_pb_button button_url=&#8220;https:\/\/www.breckweg.de\/wp-content\/uploads\/2025\/02\/Stellenbeschreibung-Schlosser.pdf&#8220; url_new_window=&#8220;on&#8220; button_text=&#8220;PDF Version&#8220; button_alignment=&#8220;center&#8220; _builder_version=&#8220;4.27.4&#8243; _module_preset=&#8220;default&#8220; global_colors_info=&#8220;{}&#8220;][\/et_pb_button][\/et_pb_column][et_pb_column type=&#8220;1_3&#8243; _builder_version=&#8220;4.16&#8243; _module_preset=&#8220;default&#8220; global_colors_info=&#8220;{}&#8220;][et_pb_button button_url=&#8220;mailto:%20bewerbung@breckweg.de&#8220; button_text=&#8220;JETZT BEWERBEN&#8220; button_alignment=&#8220;center&#8220; _builder_version=&#8220;4.27.4&#8243; _module_preset=&#8220;default&#8220; custom_button=&#8220;on&#8220; button_text_size=&#8220;20px&#8220; button_text_color=&#8220;#FFFFFF&#8220; button_bg_color=&#8220;#003772&#8243; button_border_color=&#8220;#C1C1C1&#8243; custom_margin=&#8220;300px||||false|false&#8220; hover_enabled=&#8220;0&#8243; global_colors_info=&#8220;{}&#8220; min_height=&#8220;85px&#8220; sticky_enabled=&#8220;0&#8243;][\/et_pb_button][\/et_pb_column][et_pb_column type=&#8220;1_3&#8243; _builder_version=&#8220;4.16&#8243; _module_preset=&#8220;default&#8220; global_colors_info=&#8220;{}&#8220;][et_pb_blurb title=&#8220;Werk Rheine&#8220; image_icon_width=&#8220;75%&#8220; _builder_version=&#8220;4.27.4&#8243; _module_preset=&#8220;default&#8220; header_text_align=&#8220;center&#8220; animation=&#8220;off&#8220; global_colors_info=&#8220;{}&#8220;]<\/p>\n<h3 style=\"text-align: center;\"><span style=\"color: #003772;\"><strong>Ausbildung zum<br \/>Indistriekaufmann<\/strong><\/span><br \/><span style=\"color: #003772;\"><strong>(m\/w\/d)<\/strong><\/span><\/h3>\n<p>[\/et_pb_blurb][et_pb_image src=&#8220;https:\/\/www.breckweg.de\/wp-content\/uploads\/2025\/02\/Azubi-Industriekaufmann.jpg&#8220; title_text=&#8220;Azubi Industriekaufmann&#8220; show_in_lightbox=&#8220;on&#8220; _builder_version=&#8220;4.27.4&#8243; _module_preset=&#8220;default&#8220; custom_padding=&#8220;0px|||||&#8220; global_colors_info=&#8220;{}&#8220;][\/et_pb_image][et_pb_button button_url=&#8220;https:\/\/www.breckweg.de\/wp-content\/uploads\/2025\/02\/Stellenbeschreibung-Azubi-Industriekaufmann.pdf&#8220; url_new_window=&#8220;on&#8220; button_text=&#8220;PDF Version&#8220; button_alignment=&#8220;center&#8220; _builder_version=&#8220;4.27.4&#8243; _module_preset=&#8220;default&#8220; global_colors_info=&#8220;{}&#8220;][\/et_pb_button][\/et_pb_column][\/et_pb_row][et_pb_row column_structure=&#8220;1_4,1_4,1_4,1_4&#8243; _builder_version=&#8220;4.16&#8243; _module_preset=&#8220;default&#8220; custom_padding=&#8220;0px|||||&#8220; global_colors_info=&#8220;{}&#8220;][et_pb_column type=&#8220;1_4&#8243; _builder_version=&#8220;4.16&#8243; _module_preset=&#8220;default&#8220; global_colors_info=&#8220;{}&#8220;][et_pb_blurb title=&#8220;Werk Madfeld&#8220; image=&#8220;https:\/\/www.breckweg.de\/wp-content\/uploads\/2021\/08\/AvatarM_W_Frei.png&#8220; image_icon_width=&#8220;75%&#8220; disabled_on=&#8220;on|on|on&#8220; _builder_version=&#8220;4.24.3&#8243; _module_preset=&#8220;default&#8220; header_text_align=&#8220;center&#8220; animation=&#8220;off&#8220; disabled=&#8220;on&#8220; global_colors_info=&#8220;{}&#8220;]<\/p>\n<h3 style=\"text-align: center;\"><span style=\"color: #003772;\"><strong>Baggerfahrer<\/strong><\/span><br \/><span style=\"color: #003772;\"><strong>(m\/w\/d)<\/strong><\/span><\/h3>\n<p>[\/et_pb_blurb][\/et_pb_column][et_pb_column type=&#8220;1_4&#8243; _builder_version=&#8220;4.16&#8243; _module_preset=&#8220;default&#8220; global_colors_info=&#8220;{}&#8220;][et_pb_blurb title=&#8220;Werk Madfeld&#8220; image=&#8220;https:\/\/www.breckweg.de\/wp-content\/uploads\/2021\/08\/AvatarM_W_Frei.png&#8220; image_icon_width=&#8220;75%&#8220; disabled_on=&#8220;on|on|on&#8220; _builder_version=&#8220;4.24.3&#8243; _module_preset=&#8220;default&#8220; header_text_align=&#8220;center&#8220; animation=&#8220;off&#8220; disabled=&#8220;on&#8220; global_colors_info=&#8220;{}&#8220;]<\/p>\n<h3 style=\"text-align: center;\"><span style=\"color: #003772;\"><strong>Schlosser<\/strong><\/span><br \/><span style=\"color: #003772;\"><strong>(m\/w\/d)<\/strong><\/span><\/h3>\n<p>[\/et_pb_blurb][\/et_pb_column][et_pb_column type=&#8220;1_4&#8243; _builder_version=&#8220;4.27.4&#8243; _module_preset=&#8220;default&#8220; global_colors_info=&#8220;{}&#8220;][et_pb_blurb title=&#8220;Werk Rheine&#8220; image=&#8220;https:\/\/www.breckweg.de\/wp-content\/uploads\/2021\/08\/AvatarM_W_Frei.png&#8220; image_icon_width=&#8220;75%&#8220; disabled_on=&#8220;on|on|on&#8220; _builder_version=&#8220;4.24.3&#8243; _module_preset=&#8220;default&#8220; header_text_align=&#8220;center&#8220; animation=&#8220;off&#8220; disabled=&#8220;on&#8220; global_colors_info=&#8220;{}&#8220;]<\/p>\n<h3 style=\"text-align: center;\"><span style=\"color: #003772;\"><strong>Mitarbeiter Personalbetreuung &amp; Lohn-\/Gehaltsabrechnung<\/strong><\/span><br \/><span style=\"color: #003772;\"><strong>(m\/w\/d)<\/strong><\/span><\/h3>\n<p>[\/et_pb_blurb][\/et_pb_column][et_pb_column type=&#8220;1_4&#8243; _builder_version=&#8220;4.16&#8243; _module_preset=&#8220;default&#8220; global_colors_info=&#8220;{}&#8220;][et_pb_blurb title=&#8220;Werk Madfeld&#8220; image=&#8220;https:\/\/www.breckweg.de\/wp-content\/uploads\/2021\/08\/AvatarM_W_Frei.png&#8220; image_icon_width=&#8220;75%&#8220; disabled_on=&#8220;on|on|on&#8220; _builder_version=&#8220;4.24.3&#8243; _module_preset=&#8220;default&#8220; header_text_align=&#8220;center&#8220; animation=&#8220;off&#8220; disabled=&#8220;on&#8220; global_colors_info=&#8220;{}&#8220;]<\/p>\n<h3 style=\"text-align: center;\"><span style=\"color: #003772;\"><strong>Helfer<\/strong><\/span><br \/><span style=\"color: #003772;\"><strong>(m\/w\/d)<\/strong><\/span><\/h3>\n<p>[\/et_pb_blurb][\/et_pb_column][\/et_pb_row][et_pb_row _builder_version=&#8220;4.17.4&#8243; _module_preset=&#8220;default&#8220; background_color=&#8220;#003772&#8243; global_colors_info=&#8220;{}&#8220;][et_pb_column type=&#8220;4_4&#8243; _builder_version=&#8220;4.17.4&#8243; _module_preset=&#8220;default&#8220; global_colors_info=&#8220;{}&#8220;][et_pb_text _builder_version=&#8220;4.17.4&#8243; _module_preset=&#8220;default&#8220; text_font=&#8220;||||||||&#8220; text_text_color=&#8220;#FFFFFF&#8220; text_font_size=&#8220;16px&#8220; text_letter_spacing=&#8220;1px&#8220; text_line_height=&#8220;1.8em&#8220; custom_padding=&#8220;3px|25px|3px|25px|true|true&#8220; global_colors_info=&#8220;{}&#8220;]<\/p>\n<p><strong>Die Kalkwerke Breckweg<\/strong><\/p>\n<p>Wenn es um Kalk geht, wissen Kunden aus Deutschland und Europa seit gut 100 Jahren die Kalkwerke Breckweg in Rheine zu sch\u00e4tzen. Der wei\u00dfe Rohstoff ist aus dem Alltag nicht wegzudenken. Ob f\u00fcr die Schale unseres Fr\u00fchst\u00fcckseis, der D\u00fcnger auf den Feldern oder bei der Trinkwasserfilterung, in vielen Bereichen werden spezielle Kalkarten verwendet.<\/p>\n<p>\u201eEin Kunde hat uns mal erz\u00e4hlt, seit sie auf dem Hof unseren Kalk benutzen, h\u00e4tte seine Frau mehr Fliegen in der K\u00fcche als er im Stall\u201c, sagt Alexander Fettich, der technische Leiter der Kalkwerke. Fettich ist seit 1985 dabei. Er startet seine Karriere mit einer Ausbildung zum Betriebsschlosser. Sein Vater arbeitet bereits bei den Kalkwerken und erz\u00e4hlt dem Ausbildungsleiter von seinem Sohn. Nach einem kurzen Gespr\u00e4ch (\u201eBist du kopffest?\u201c &#8211; \u201eJa.\u201c) hat Alexander den Ausbildungsplatz sicher. Die Ausbildung zum Industriemechaniker und der Beruf machen ihm viel Spa\u00df. Seine Karriere bei den Kalkwerken wird durch den Wehrdienst einmal unterbrochen. Als es dann aber an die Familienplanung geht will er zur\u00fcck. Bei den Kalkwerken f\u00e4llt es leichter Familie und Beruf zu vereinbaren. Ob auf gro\u00dfen Familienfesten oder beim Zukunftstag. Kinder sind, nat\u00fcrlich nur unter Beaufsichtigung, gerne willkommen. Alexander Fettich wird erst Vorarbeiter und \u00fcbernimmt dann 2017 die technische Leitung des Betriebs, sorgt also daf\u00fcr, dass die Produktion dank funktionierender Maschinen immer l\u00e4uft.<br \/>Die nicht \u00fcbersehbaren kalkwei\u00dfen Brennt\u00fcrme auf dem Betriebsgel\u00e4nde kennt jedes Kind in der Umgebung. Ganz oben an der Spitze, besonders in der dunklen Jahreszeit klar zu erkennen, ist der Adventsstern. Jeder im Umkreis kann ihn sehen, er ist sogar der h\u00f6chste im ganzen M\u00fcnsterland. \u201eEinmal haben wir vergessen ihn zum Advent hin einzuschalten. Dann gab es Leute, die hier angerufen haben, um uns zu erinnern\u201c, schmunzelt Alexander Fettich.<\/p>\n<p>Die Firma wird in dritter Generation von der Familie Breckweg gef\u00fchrt. Trotz Traditionen m\u00f6chte sich das Unternehmen immer weiter entwickeln und setzt auf technische Innovationen. Mitarbeiter haben so zum Beispiel die M\u00f6glichkeit sich mit einem pers\u00f6nlichen Chip Schutzausr\u00fcstungen wie Handschuhe einfach und praktisch aus dem Automaten zu ziehen.<br \/>Ein weiterer Pluspunkt bei einem mittelst\u00e4ndischen Unternehmen wie den Kalkwerken ist die breite Produktpalette die, dank flexibler Herstellung, auch die individuellsten Bed\u00fcrfnisse von Kunden erf\u00fcllen kann.<br \/>\u201eDamit alles perfekt l\u00e4uft, ist es wichtig sich mit den Kollegen in allen Abteilungen gut abzusprechen\u201c, so Alexander Fettich. Bei einem mittelst\u00e4ndischen Unternehmen wie den Kalkwerken funktioniert das sehr gut. Bei Problemen wissen alle Mitarbeiter genau wer der geeignete Ansprechpartner ist. Wenn ein gro\u00dfes Projekt ansteht, ist es besonders wichtig, dass alle genau wissen was zu tun ist. Ein gr\u00f6\u00dferes Vorhaben der letzten Jahre war die Umwandlung von Produktionsw\u00e4rme in Heizenergie. Die Restenergie der Produktions\u00f6fen wird in der Industrie allgemein in die Luft abgelassen. Diese ungenutzte W\u00e4rme ist weder nachhaltig noch wirtschaftlich. Deswegen arbeiten die Kalkwerke mit verschiedenen Firmen daran, dass die \u00fcbersch\u00fcssige Energie der \u00d6fen die B\u00fcror\u00e4ume und Sanit\u00e4ranlagen auf dem Betriebsgel\u00e4nde mitheizen k\u00f6nnen. Eine f\u00fcnfstellige Summe spart das j\u00e4hrlich an Heizkosten ein und das Nutzen f\u00fcr die Umwelt ist nicht bezifferbar. \u201eDas Prinzip m\u00f6chten jetzt auch andere Unternehmen \u00fcbernehmen\u201c, erkl\u00e4rt Alexander. Die Kalkwerke Breckweg sind also Vorreiter in Sachen Nachhaltigkeit.<br \/>Neben der Projektarbeit bieten sich auch im Alltag viele Herausforderungen, die gemeistert werden m\u00fcssen. Bei laufender Produktion kann es passieren, dass eine Maschine mal nicht richtig funktioniert. Das bedeutet dann f\u00fcr das Breckweg-Team, dass sich die verschiedenen Abteilungen beraten, damit das Problem gemeinsam gel\u00f6st werden kann. Etwa 50 Mitarbeiter arbeiten in der Buchhaltung, im Labor, im Vertrieb, im Verkauf, in der Werkstatt und in der Produktion.<\/p>\n<p>Wenn der Arbeitstag f\u00fcr Alexander beginnt, liest er sich erst einmal die Berichte der Sp\u00e4t- und Nachtschicht durch. Dann entscheidet er welche Reparaturen sofort erledigt werden m\u00fcssen und teilt die Handwerker ein. Da sich die Menge der produzierten Waren ver\u00e4ndert, werden Reparaturen mit dem Versand abgekl\u00e4rt, aber auch die Produktionsmitarbeiter m\u00fcssen informiert werden. Die Kalkwerke Breckweg sind eine Firma, in der ein R\u00e4dchen ins andere greift. Das mittelst\u00e4ndische Unternehmen entwickelt sich immer weiter und das geht nur mit all den Mitarbeitern, die ein Gesp\u00fcr f\u00fcr die Zukunft haben und sich freuen, Kunden mit hochwertigen Produkten nach vorn zu bringen.<\/p>\n<p style=\"text-align: right;\"><span style=\"color: #b5b5b5;\"><em>Text: Lilofee Fettich<\/em><\/span><\/p>\n<p>[\/et_pb_text][\/et_pb_column][\/et_pb_row][\/et_pb_section]<\/p>\n","protected":false},"excerpt":{"rendered":"<p>\u00a0Hand in Hand durch die Welt des Kalkes. KarriereSie m\u00f6chten mehr \u00fcber die Welt des Kalkes erfahren und haben Interesse mit uns anzupacken, um Gro\u00dfes zu bewegen? Dann sollten wir uns kennenlernen.Senden Sie uns Ihre aussagekr\u00e4ftigen Bewerbungsunterlagen per Email an: bewerbung@breckweg.de (Anschreiben, Lebenslauf, Zeugnisse).Schon seit \u00fcber 90 Jahren arbeiten wir mit Herz und vollem Tatendrang [&hellip;]<\/p>\n","protected":false},"author":2,"featured_media":0,"parent":0,"menu_order":0,"comment_status":"closed","ping_status":"closed","template":"","meta":{"_et_pb_use_builder":"on","_et_pb_old_content":"","_et_gb_content_width":"","footnotes":""},"class_list":["post-122","page","type-page","status-publish","hentry"],"jetpack_sharing_enabled":true,"_links":{"self":[{"href":"https:\/\/www.breckweg.de\/index.php?rest_route=\/wp\/v2\/pages\/122","targetHints":{"allow":["GET"]}}],"collection":[{"href":"https:\/\/www.breckweg.de\/index.php?rest_route=\/wp\/v2\/pages"}],"about":[{"href":"https:\/\/www.breckweg.de\/index.php?rest_route=\/wp\/v2\/types\/page"}],"author":[{"embeddable":true,"href":"https:\/\/www.breckweg.de\/index.php?rest_route=\/wp\/v2\/users\/2"}],"replies":[{"embeddable":true,"href":"https:\/\/www.breckweg.de\/index.php?rest_route=%2Fwp%2Fv2%2Fcomments&post=122"}],"version-history":[{"count":33,"href":"https:\/\/www.breckweg.de\/index.php?rest_route=\/wp\/v2\/pages\/122\/revisions"}],"predecessor-version":[{"id":245609,"href":"https:\/\/www.breckweg.de\/index.php?rest_route=\/wp\/v2\/pages\/122\/revisions\/245609"}],"wp:attachment":[{"href":"https:\/\/www.breckweg.de\/index.php?rest_route=%2Fwp%2Fv2%2Fmedia&parent=122"}],"curies":[{"name":"wp","href":"https:\/\/api.w.org\/{rel}","templated":true}]}}