{"id":143,"date":"2021-08-09T16:46:55","date_gmt":"2021-08-09T14:46:55","guid":{"rendered":"https:\/\/breckweg.staging.hrnetzwerk.de\/?page_id=143"},"modified":"2023-10-31T15:51:55","modified_gmt":"2023-10-31T13:51:55","slug":"oeffungszeiten","status":"publish","type":"page","link":"https:\/\/www.breckweg.de\/?page_id=143","title":{"rendered":"\u00d6ffungszeiten\/Anfahrt"},"content":{"rendered":"<p>[et_pb_section fb_built=&#8220;1&#8243; admin_label=&#8220;Header&#8220; _builder_version=&#8220;4.16&#8243; _module_preset=&#8220;default&#8220; use_background_color_gradient=&#8220;on&#8220; background_color_gradient_stops=&#8220;rgba(0,0,0,0.42) 0%|#e9e9e9 100%&#8220; background_color_gradient_overlays_image=&#8220;on&#8220; background_color_gradient_start=&#8220;rgba(0,0,0,0.42)&#8220; background_color_gradient_end=&#8220;#e9e9e9&#8243; background_image=&#8220;https:\/\/www.breckweg.de\/wp-content\/uploads\/2021\/08\/Open_2.jpg&#8220; custom_padding=&#8220;8vw||0vw||false|false&#8220; global_colors_info=&#8220;{}&#8220;][et_pb_row _builder_version=&#8220;4.16&#8243; _module_preset=&#8220;default&#8220; global_colors_info=&#8220;{}&#8220;][et_pb_column type=&#8220;4_4&#8243; _builder_version=&#8220;4.16&#8243; _module_preset=&#8220;default&#8220; global_colors_info=&#8220;{}&#8220;][et_pb_text _builder_version=&#8220;4.16&#8243; _module_preset=&#8220;bc3df28d-7a1e-4346-9b94-aa11c48ce922&#8243; header_4_font=&#8220;Tajawal|700||on|||||&#8220; header_4_text_color=&#8220;#FFFFFF&#8220; header_4_font_size=&#8220;14px&#8220; header_4_letter_spacing=&#8220;2px&#8220; header_4_line_height=&#8220;1.5em&#8220; custom_margin=&#8220;||0px||false|false&#8220; header_4_font_size_tablet=&#8220;13px&#8220; header_4_font_size_phone=&#8220;12px&#8220; header_4_font_size_last_edited=&#8220;on|phone&#8220; locked=&#8220;off&#8220; global_colors_info=&#8220;{}&#8220;]<\/p>\n<h4><\/h4>\n<p>[\/et_pb_text][et_pb_text _builder_version=&#8220;4.16&#8243; _module_preset=&#8220;b0bf5418-994a-43d1-aef8-7d7c6764119d&#8220; header_font=&#8220;Tajawal|900|||||||&#8220; header_text_color=&#8220;#FFFFFF&#8220; header_font_size=&#8220;100px&#8220; max_width=&#8220;900px&#8220; header_font_size_tablet=&#8220;50px&#8220; header_font_size_phone=&#8220;32px&#8220; header_font_size_last_edited=&#8220;on|phone&#8220; locked=&#8220;off&#8220; global_colors_info=&#8220;{}&#8220;]<\/p>\n<h1>\u00a0<\/h1>\n<p>[\/et_pb_text][\/et_pb_column][\/et_pb_row][et_pb_row column_structure=&#8220;1_3,2_3&#8243; use_custom_gutter=&#8220;on&#8220; gutter_width=&#8220;1&#8243; _builder_version=&#8220;4.16&#8243; _module_preset=&#8220;default&#8220; custom_padding=&#8220;0px||0px||true|&#8220; global_colors_info=&#8220;{}&#8220;][et_pb_column type=&#8220;1_3&#8243; _builder_version=&#8220;4.16&#8243; _module_preset=&#8220;default&#8220; global_colors_info=&#8220;{}&#8220;][et_pb_image src=&#8220;https:\/\/www.breckweg.de\/wp-content\/uploads\/2021\/08\/Original_Breckweg-Logo_freigestellt_500px_72dpi.png&#8220; title_text=&#8220;Original_Breckweg-Logo_freigestellt_500px_72dpi&#8220; align=&#8220;center&#8220; _builder_version=&#8220;4.16&#8243; _module_preset=&#8220;default&#8220; width=&#8220;50%&#8220; custom_padding=&#8220;42px|||||&#8220; global_colors_info=&#8220;{}&#8220;][\/et_pb_image][\/et_pb_column][et_pb_column type=&#8220;2_3&#8243; _builder_version=&#8220;4.16&#8243; _module_preset=&#8220;default&#8220; background_color=&#8220;#FFFFFF&#8220; custom_padding=&#8220;30px|30px|30px|30px|true|true&#8220; custom_padding_tablet=&#8220;&#8220; custom_padding_phone=&#8220;20px|20px|20px|20px|true|true&#8220; custom_padding_last_edited=&#8220;on|phone&#8220; global_colors_info=&#8220;{}&#8220;][et_pb_text _builder_version=&#8220;4.16&#8243; _module_preset=&#8220;bc3df28d-7a1e-4346-9b94-aa11c48ce922&#8243; text_font=&#8220;|800|||||||&#8220; text_text_color=&#8220;#C1C1C1&#8243; text_font_size=&#8220;22px&#8220; text_letter_spacing=&#8220;-1px&#8220; header_4_font=&#8220;Tajawal|700||on|||||&#8220; header_4_text_color=&#8220;#71B100&#8243; header_4_font_size=&#8220;14px&#8220; header_4_letter_spacing=&#8220;2px&#8220; header_4_line_height=&#8220;1.5em&#8220; custom_margin=&#8220;||0px||false|false&#8220; header_4_font_size_tablet=&#8220;13px&#8220; header_4_font_size_phone=&#8220;12px&#8220; header_4_font_size_last_edited=&#8220;on|phone&#8220; locked=&#8220;off&#8220; global_colors_info=&#8220;{}&#8220;]<\/p>\n<p>Wir sind f\u00fcr Sie da.<\/p>\n<p>[\/et_pb_text][et_pb_text _builder_version=&#8220;4.16&#8243; _module_preset=&#8220;default&#8220; text_font=&#8220;Tajawal|700|||||||&#8220; text_text_color=&#8220;#003772&#8243; text_font_size=&#8220;60px&#8220; text_line_height=&#8220;1.2em&#8220; link_text_color=&#8220;#244435&#8243; header_3_text_color=&#8220;#FFFFFF&#8220; text_font_size_tablet=&#8220;8vw&#8220; text_font_size_phone=&#8220;&#8220; text_font_size_last_edited=&#8220;on|tablet&#8220; header_font_size_tablet=&#8220;55px&#8220; header_font_size_phone=&#8220;&#8220; header_font_size_last_edited=&#8220;on|tablet&#8220; locked=&#8220;off&#8220; global_colors_info=&#8220;{%22gcid-87cad038-7afd-4dda-acb0-0a24d4ccd112%22:%91%93,%22gcid-431bd12a-5227-4536-9132-2528c0596703%22:%91%93,%22gcid-87ce0c3f-2a7b-40dd-8a42-4148be75d651%22:%91%93}&#8220;]\u00d6ffnungszeiten[\/et_pb_text][\/et_pb_column][\/et_pb_row][\/et_pb_section][et_pb_section fb_built=&#8220;1&#8243; admin_label=&#8220;Contact&#8220; _builder_version=&#8220;4.16&#8243; _module_preset=&#8220;default&#8220; background_color=&#8220;#E9E9E9&#8243; custom_padding=&#8220;0px||4px||false|false&#8220; global_colors_info=&#8220;{}&#8220;][et_pb_row column_structure=&#8220;1_3,1_3,1_3&#8243; use_custom_gutter=&#8220;on&#8220; gutter_width=&#8220;1&#8243; _builder_version=&#8220;4.16&#8243; _module_preset=&#8220;default&#8220; background_enable_color=&#8220;off&#8220; min_height=&#8220;435.7px&#8220; custom_padding=&#8220;0px||0px||false|false&#8220; global_colors_info=&#8220;{}&#8220;][et_pb_column type=&#8220;1_3&#8243; _builder_version=&#8220;4.16&#8243; _module_preset=&#8220;default&#8220; background_color=&#8220;#FFFFFF&#8220; custom_padding=&#8220;30px|30px|30px|30px|true|true&#8220; box_shadow_style=&#8220;preset3&#8243; box_shadow_vertical=&#8220;39px&#8220; box_shadow_blur=&#8220;74px&#8220; box_shadow_spread=&#8220;-8px&#8220; box_shadow_color=&#8220;rgba(0,0,0,0.2)&#8220; global_colors_info=&#8220;{}&#8220;][et_pb_text _builder_version=&#8220;4.16&#8243; _module_preset=&#8220;default&#8220; text_text_color=&#8220;#002C5B&#8220; text_font_size=&#8220;17px&#8220; custom_padding=&#8220;4px||5px|||&#8220; global_colors_info=&#8220;{}&#8220;]<\/p>\n<p><span style=\"color: #003772;\">Bitte melden Sie Ihre Abholungen im Voraus bei uns an, um eine problemlose Verladung sicherstellen zu k\u00f6nnen. <\/span><br \/><span style=\"color: #003772;\">Unsere Verwaltung erreichen Sie zu folgenden Zeiten:<\/span><\/p>\n<p style=\"text-align: center;\">\n<p>[\/et_pb_text][et_pb_text _builder_version=&#8220;4.16&#8243; _module_preset=&#8220;default&#8220; text_text_color=&#8220;#002C5B&#8220; text_font_size=&#8220;17px&#8220; custom_padding=&#8220;4px||5px|||&#8220; global_colors_info=&#8220;{}&#8220;]<\/p>\n<p style=\"text-align: center;\"><span style=\"color: #003772;\"><strong>Montag\u2013Donnerstag<\/strong><\/span><br \/><span style=\"color: #003772;\">7:00 \u2013 16:00 Uhr<\/span><\/p>\n<p style=\"text-align: center;\"><span style=\"color: #003772;\"><strong>Freitag\u00a0 <\/strong>7:00 \u2013 14:00 Uhr<\/span><\/p>\n<p><span style=\"color: #003772;\"><strong>Telefon<\/strong> \u00a0\u00a0\u00a0 05971-16024-0<\/span><br \/><span style=\"color: #003772;\"><strong>Fax<\/strong> \u00a0\u00a0\u00a0\u00a0\u00a0\u00a0\u00a0\u00a0\u00a0\u00a0\u00a0 05971-16024-77<\/span><br \/><span style=\"color: #003772;\"><strong>Email<\/strong> \u00a0\u00a0\u00a0\u00a0\u00a0\u00a0\u00a0 versand@breckweg.<\/span>de<\/p>\n<p>[\/et_pb_text][\/et_pb_column][et_pb_column type=&#8220;1_3&#8243; _builder_version=&#8220;4.16&#8243; _module_preset=&#8220;default&#8220; background_color=&#8220;#003772&#8243; custom_padding=&#8220;40px|20px|55px|20px|false|true&#8220; custom_padding_phone=&#8220;20px|20px|20px|20px|true|true&#8220; custom_padding_last_edited=&#8220;off|phone&#8220; global_colors_info=&#8220;{}&#8220;][et_pb_text _builder_version=&#8220;4.16&#8243; _module_preset=&#8220;default&#8220; text_font=&#8220;|600|||||||&#8220; text_text_color=&#8220;#FFFFFF&#8220; text_font_size=&#8220;25px&#8220; text_letter_spacing=&#8220;1px&#8220; text_orientation=&#8220;center&#8220; custom_padding=&#8220;0px||0px|||&#8220; global_colors_info=&#8220;{}&#8220;]Werk Rheine[\/et_pb_text][et_pb_text _builder_version=&#8220;4.16&#8243; _module_preset=&#8220;328ee7ad-ed91-4601-a1e5-70b2dcbbb6a8&#8243; text_font=&#8220;||||||||&#8220; text_text_color=&#8220;#FFFFFF&#8220; text_line_height=&#8220;1.8em&#8220; text_orientation=&#8220;center&#8220; max_width=&#8220;800px&#8220; custom_padding=&#8220;21px|||||&#8220; text_font_size_tablet=&#8220;15px&#8220; text_font_size_phone=&#8220;14px&#8220; text_font_size_last_edited=&#8220;off|desktop&#8220; locked=&#8220;off&#8220; global_colors_info=&#8220;{}&#8220;]<\/p>\n<p>Unsere Verladung ist von <br \/><strong>Sonntag 22:00 Uhr &#8211; Samstag 18:00 Uhr<\/strong> <br \/>f\u00fcr Sie ge\u00f6ffnet.<\/p>\n<p>[\/et_pb_text][\/et_pb_column][et_pb_column type=&#8220;1_3&#8243; _builder_version=&#8220;4.16&#8243; _module_preset=&#8220;default&#8220; background_color=&#8220;#C8CCDF&#8220; custom_padding=&#8220;40px|30px|59px|30px|false|true&#8220; custom_padding_phone=&#8220;20px|20px|20px|20px|true|true&#8220; custom_padding_last_edited=&#8220;off|desktop&#8220; global_colors_info=&#8220;{}&#8220;][et_pb_text _builder_version=&#8220;4.16&#8243; _module_preset=&#8220;default&#8220; text_font=&#8220;|600|||||||&#8220; text_text_color=&#8220;#3A3A27&#8243; text_font_size=&#8220;23px&#8220; text_letter_spacing=&#8220;1px&#8220; text_orientation=&#8220;center&#8220; custom_padding=&#8220;0px||0px|||&#8220; global_colors_info=&#8220;{}&#8220;]<\/p>\n<p><span style=\"color: #003772;\">Werk Madfeld-Brilon<\/span><\/p>\n<p>[\/et_pb_text][et_pb_text _builder_version=&#8220;4.16&#8243; _module_preset=&#8220;328ee7ad-ed91-4601-a1e5-70b2dcbbb6a8&#8243; text_font=&#8220;||||||||&#8220; text_text_color=&#8220;#002C5B&#8220; text_line_height=&#8220;1.8em&#8220; text_orientation=&#8220;center&#8220; max_width=&#8220;800px&#8220; custom_padding=&#8220;17px|||||&#8220; text_font_size_tablet=&#8220;15px&#8220; text_font_size_phone=&#8220;14px&#8220; text_font_size_last_edited=&#8220;off|desktop&#8220; locked=&#8220;off&#8220; global_colors_info=&#8220;{}&#8220;]<\/p>\n<p><span style=\"color: #003772;\">Die Verladezeiten im Steinbruch sind: <strong>Montag\u00a0 &#8211; Freitag <br \/><\/strong><strong>7:00 Uhr &#8211; 15:00 Uhr<\/strong><\/span><\/p>\n<p>[\/et_pb_text][\/et_pb_column][\/et_pb_row][et_pb_row column_structure=&#8220;1_3,2_3&#8243; use_custom_gutter=&#8220;on&#8220; gutter_width=&#8220;1&#8243; _builder_version=&#8220;4.16&#8243; _module_preset=&#8220;default&#8220; custom_padding=&#8220;0px||0px||true|&#8220; global_colors_info=&#8220;{}&#8220;][et_pb_column type=&#8220;1_3&#8243; _builder_version=&#8220;4.16&#8243; _module_preset=&#8220;default&#8220; global_colors_info=&#8220;{}&#8220;][et_pb_image src=&#8220;https:\/\/www.breckweg.de\/wp-content\/uploads\/2021\/08\/Original_Breckweg-Logo_freigestellt_500px_72dpi.png&#8220; title_text=&#8220;Original_Breckweg-Logo_freigestellt_500px_72dpi&#8220; align=&#8220;center&#8220; _builder_version=&#8220;4.16&#8243; _module_preset=&#8220;default&#8220; width=&#8220;50%&#8220; custom_padding=&#8220;42px|||||&#8220; global_colors_info=&#8220;{}&#8220;][\/et_pb_image][\/et_pb_column][et_pb_column type=&#8220;2_3&#8243; _builder_version=&#8220;4.16&#8243; _module_preset=&#8220;default&#8220; background_color=&#8220;#FFFFFF&#8220; custom_padding=&#8220;30px|30px|30px|30px|true|true&#8220; custom_padding_tablet=&#8220;&#8220; custom_padding_phone=&#8220;20px|20px|20px|20px|true|true&#8220; custom_padding_last_edited=&#8220;on|phone&#8220; global_colors_info=&#8220;{}&#8220;][et_pb_text _builder_version=&#8220;4.16&#8243; _module_preset=&#8220;bc3df28d-7a1e-4346-9b94-aa11c48ce922&#8243; text_font=&#8220;|800|||||||&#8220; text_text_color=&#8220;#C1C1C1&#8243; text_font_size=&#8220;22px&#8220; text_letter_spacing=&#8220;-1px&#8220; header_4_font=&#8220;Tajawal|700||on|||||&#8220; header_4_text_color=&#8220;#71B100&#8243; header_4_font_size=&#8220;14px&#8220; header_4_letter_spacing=&#8220;2px&#8220; header_4_line_height=&#8220;1.5em&#8220; custom_margin=&#8220;||0px||false|false&#8220; header_4_font_size_tablet=&#8220;13px&#8220; header_4_font_size_phone=&#8220;12px&#8220; header_4_font_size_last_edited=&#8220;on|phone&#8220; locked=&#8220;off&#8220; global_colors_info=&#8220;{}&#8220;]<\/p>\n<p>Wir sind f\u00fcr Sie da.<\/p>\n<p>[\/et_pb_text][et_pb_text _builder_version=&#8220;4.16&#8243; _module_preset=&#8220;default&#8220; text_font=&#8220;Tajawal|700|||||||&#8220; text_text_color=&#8220;#003772&#8243; text_font_size=&#8220;60px&#8220; text_line_height=&#8220;1.2em&#8220; link_text_color=&#8220;#244435&#8243; header_3_text_color=&#8220;#FFFFFF&#8220; text_font_size_tablet=&#8220;8vw&#8220; text_font_size_phone=&#8220;&#8220; text_font_size_last_edited=&#8220;on|tablet&#8220; header_font_size_tablet=&#8220;55px&#8220; header_font_size_phone=&#8220;&#8220; header_font_size_last_edited=&#8220;on|tablet&#8220; locked=&#8220;off&#8220; global_colors_info=&#8220;{%22gcid-87cad038-7afd-4dda-acb0-0a24d4ccd112%22:%91%93,%22gcid-431bd12a-5227-4536-9132-2528c0596703%22:%91%93,%22gcid-87ce0c3f-2a7b-40dd-8a42-4148be75d651%22:%91%93}&#8220;]<\/p>\n<p>Anfahrt<\/p>\n<p>[\/et_pb_text][\/et_pb_column][\/et_pb_row][et_pb_row _builder_version=&#8220;4.16&#8243; _module_preset=&#8220;default&#8220; custom_padding=&#8220;0px|||||&#8220; global_colors_info=&#8220;{}&#8220;][et_pb_column type=&#8220;4_4&#8243; _builder_version=&#8220;4.16&#8243; _module_preset=&#8220;default&#8220; global_colors_info=&#8220;{}&#8220;][et_pb_code _builder_version=&#8220;4.16&#8243; _module_preset=&#8220;default&#8220; background_color=&#8220;RGBA(0,0,0,0)&#8220; border_color_all=&#8220;#003772&#8243; global_colors_info=&#8220;{}&#8220;]<iframe src=\"https:\/\/www.google.com\/maps\/embed?pb=!1m18!1m12!1m3!1d2441.892128881041!2d7.3945217158869365!3d52.26350386295848!2m3!1f0!2f0!3f0!3m2!1i1024!2i768!4f13.1!3m3!1m2!1s0x47b832f8ca25ab67%3A0xd58cd1869b77ec98!2sKalkwerke%20Otto%20Breckweg%20GmbH%20%26%20Co.%20KG!5e0!3m2!1sde!2sde!4v1632143672351!5m2!1sde!2sde\" width=\"1200\" height=\"450\" style=\"border:0;\" allowfullscreen=\"\" loading=\"lazy\"><\/iframe>[\/et_pb_code][\/et_pb_column][\/et_pb_row][\/et_pb_section]<\/p>\n","protected":false},"excerpt":{"rendered":"<p>\u00a0Wir sind f\u00fcr Sie da.\u00d6ffnungszeitenBitte melden Sie Ihre Abholungen im Voraus bei uns an, um eine problemlose Verladung sicherstellen zu k\u00f6nnen. Unsere Verwaltung erreichen Sie zu folgenden Zeiten: Montag\u2013Donnerstag7:00 \u2013 16:00 Uhr Freitag\u00a0 7:00 \u2013 14:00 Uhr Telefon \u00a0\u00a0\u00a0 05971-16024-0Fax \u00a0\u00a0\u00a0\u00a0\u00a0\u00a0\u00a0\u00a0\u00a0\u00a0\u00a0 05971-16024-77Email \u00a0\u00a0\u00a0\u00a0\u00a0\u00a0\u00a0 versand@breckweg.deWerk RheineUnsere Verladung ist von Sonntag 22:00 Uhr &#8211; Samstag 18:00 Uhr [&hellip;]<\/p>\n","protected":false},"author":2,"featured_media":0,"parent":0,"menu_order":0,"comment_status":"closed","ping_status":"closed","template":"","meta":{"_et_pb_use_builder":"on","_et_pb_old_content":"","_et_gb_content_width":"","footnotes":""},"class_list":["post-143","page","type-page","status-publish","hentry"],"jetpack_sharing_enabled":true,"_links":{"self":[{"href":"https:\/\/www.breckweg.de\/index.php?rest_route=\/wp\/v2\/pages\/143","targetHints":{"allow":["GET"]}}],"collection":[{"href":"https:\/\/www.breckweg.de\/index.php?rest_route=\/wp\/v2\/pages"}],"about":[{"href":"https:\/\/www.breckweg.de\/index.php?rest_route=\/wp\/v2\/types\/page"}],"author":[{"embeddable":true,"href":"https:\/\/www.breckweg.de\/index.php?rest_route=\/wp\/v2\/users\/2"}],"replies":[{"embeddable":true,"href":"https:\/\/www.breckweg.de\/index.php?rest_route=%2Fwp%2Fv2%2Fcomments&post=143"}],"version-history":[{"count":18,"href":"https:\/\/www.breckweg.de\/index.php?rest_route=\/wp\/v2\/pages\/143\/revisions"}],"predecessor-version":[{"id":245527,"href":"https:\/\/www.breckweg.de\/index.php?rest_route=\/wp\/v2\/pages\/143\/revisions\/245527"}],"wp:attachment":[{"href":"https:\/\/www.breckweg.de\/index.php?rest_route=%2Fwp%2Fv2%2Fmedia&parent=143"}],"curies":[{"name":"wp","href":"https:\/\/api.w.org\/{rel}","templated":true}]}}