{"id":289,"date":"2021-08-10T17:16:28","date_gmt":"2021-08-10T15:16:28","guid":{"rendered":"https:\/\/breckweg.staging.hrnetzwerk.de\/?page_id=289"},"modified":"2022-06-09T12:19:39","modified_gmt":"2022-06-09T10:19:39","slug":"bodenstabilisierung-2","status":"publish","type":"page","link":"https:\/\/www.breckweg.de\/?page_id=289","title":{"rendered":"Bodenstabilisierung"},"content":{"rendered":"<p>[et_pb_section fb_built=&#8220;1&#8243; admin_label=&#8220;Header&#8220; _builder_version=&#8220;4.16&#8243; _module_preset=&#8220;default&#8220; background_color=&#8220;#E9E9E9&#8243; background_enable_image=&#8220;off&#8220; background_position=&#8220;top_center&#8220; custom_padding=&#8220;24px||0px||false|false&#8220; locked=&#8220;off&#8220; global_colors_info=&#8220;{}&#8220;][et_pb_row _builder_version=&#8220;4.16&#8243; _module_preset=&#8220;default&#8220; custom_padding=&#8220;0px|||||&#8220; global_colors_info=&#8220;{}&#8220;][et_pb_column type=&#8220;4_4&#8243; _builder_version=&#8220;4.16&#8243; _module_preset=&#8220;default&#8220; global_colors_info=&#8220;{}&#8220;][et_pb_text _builder_version=&#8220;4.16&#8243; _module_preset=&#8220;default&#8220; text_font=&#8220;Tajawal|700|||||||&#8220; text_text_color=&#8220;#373320&#8243; text_font_size=&#8220;70px&#8220; text_line_height=&#8220;1.2em&#8220; link_text_color=&#8220;#FE9638&#8243; header_3_text_color=&#8220;#FFFFFF&#8220; background_color=&#8220;#003772&#8243; text_orientation=&#8220;center&#8220; min_height=&#8220;41.5px&#8220; custom_margin=&#8220;||-1px|||&#8220; custom_padding=&#8220;9px|||||&#8220; text_font_size_tablet=&#8220;50px&#8220; text_font_size_phone=&#8220;30px&#8220; text_font_size_last_edited=&#8220;on|phone&#8220; header_font_size_tablet=&#8220;55px&#8220; header_font_size_phone=&#8220;&#8220; header_font_size_last_edited=&#8220;on|tablet&#8220; locked=&#8220;off&#8220; global_colors_info=&#8220;{%22gcid-87cad038-7afd-4dda-acb0-0a24d4ccd112%22:%91%93,%22gcid-431bd12a-5227-4536-9132-2528c0596703%22:%91%93}&#8220; link_font_size__hover_enabled=&#8220;on|desktop&#8220;]<\/p>\n<h2><span style=\"color: #ffffff;\"><strong>Produkte + Anwendungsgebiete<\/strong><\/span><\/h2>\n<p>[\/et_pb_text][et_pb_text _builder_version=&#8220;4.16&#8243; _module_preset=&#8220;default&#8220; text_font=&#8220;Tajawal|700|||||||&#8220; text_text_color=&#8220;#003772&#8243; text_font_size=&#8220;70px&#8220; text_line_height=&#8220;1.2em&#8220; link_text_color=&#8220;#FE9638&#8243; header_3_text_color=&#8220;#FFFFFF&#8220; text_orientation=&#8220;center&#8220; custom_padding=&#8220;0px|||||&#8220; text_font_size_tablet=&#8220;50px&#8220; text_font_size_phone=&#8220;30px&#8220; text_font_size_last_edited=&#8220;on|phone&#8220; header_font_size_tablet=&#8220;55px&#8220; header_font_size_phone=&#8220;&#8220; header_font_size_last_edited=&#8220;on|tablet&#8220; locked=&#8220;off&#8220; global_colors_info=&#8220;{%22gcid-87cad038-7afd-4dda-acb0-0a24d4ccd112%22:%91%93,%22gcid-431bd12a-5227-4536-9132-2528c0596703%22:%91%93}&#8220; link_font_size__hover_enabled=&#8220;on|desktop&#8220;]<\/p>\n<p>Stra\u00dfenbau \/ Tiefbau<\/p>\n<p>[\/et_pb_text][\/et_pb_column][\/et_pb_row][et_pb_row column_structure=&#8220;3_5,2_5&#8243; _builder_version=&#8220;4.16&#8243; _module_preset=&#8220;default&#8220; global_colors_info=&#8220;{}&#8220;][et_pb_column type=&#8220;3_5&#8243; _builder_version=&#8220;4.16&#8243; _module_preset=&#8220;default&#8220; global_colors_info=&#8220;{}&#8220;][et_pb_text _builder_version=&#8220;4.16&#8243; _module_preset=&#8220;b0bf5418-994a-43d1-aef8-7d7c6764119d&#8220; header_font=&#8220;Tajawal|900|||||||&#8220; header_text_color=&#8220;#000000&#8243; header_font_size=&#8220;100px&#8220; custom_margin=&#8220;||-3px|||&#8220; header_font_size_tablet=&#8220;50px&#8220; header_font_size_phone=&#8220;32px&#8220; header_font_size_last_edited=&#8220;on|phone&#8220; locked=&#8220;off&#8220; global_colors_info=&#8220;{}&#8220;]<\/p>\n<h1><\/h1>\n<p>[\/et_pb_text][et_pb_image src=&#8220;https:\/\/www.breckweg.de\/wp-content\/uploads\/2021\/08\/Bodenstabilisierung_800x500.jpg&#8220; title_text=&#8220;Bodenstabilisierung_800x500&#8243; _builder_version=&#8220;4.16&#8243; _module_preset=&#8220;default&#8220; box_shadow_style=&#8220;preset1&#8243; box_shadow_color=&#8220;#000000&#8243; global_colors_info=&#8220;{}&#8220;][\/et_pb_image][\/et_pb_column][et_pb_column type=&#8220;2_5&#8243; _builder_version=&#8220;4.16&#8243; _module_preset=&#8220;default&#8220; global_colors_info=&#8220;{}&#8220;][et_pb_image src=&#8220;https:\/\/www.breckweg.de\/wp-content\/uploads\/2022\/06\/FunduCal.jpg&#8220; title_text=&#8220;FunduCal&#8220; align=&#8220;center&#8220; _builder_version=&#8220;4.17.4&#8243; _module_preset=&#8220;default&#8220; custom_margin=&#8220;||52px||false|false&#8220; hover_enabled=&#8220;0&#8243; global_colors_info=&#8220;{}&#8220; box_shadow_style=&#8220;preset1&#8243; box_shadow_color=&#8220;#000000&#8243; sticky_enabled=&#8220;0&#8243;][\/et_pb_image][et_pb_text _builder_version=&#8220;4.16&#8243; _module_preset=&#8220;c3c1179e-80e4-4396-b700-51b845e1c46f&#8220; text_font=&#8220;|700|||||||&#8220; text_text_color=&#8220;#FFFFFF&#8220; text_font_size=&#8220;38px&#8220; text_line_height=&#8220;2.8em&#8220; header_2_font=&#8220;Tajawal|700|||||||&#8220; header_2_text_align=&#8220;center&#8220; header_2_text_color=&#8220;#FFD3A4&#8243; header_2_font_size=&#8220;50px&#8220; background_color=&#8220;#003772&#8243; text_orientation=&#8220;center&#8220; custom_margin_last_edited=&#8220;off|desktop&#8220; header_2_font_size_tablet=&#8220;32px&#8220; header_2_font_size_phone=&#8220;20px&#8220; header_2_font_size_last_edited=&#8220;on|phone&#8220; global_colors_info=&#8220;{%22gcid-87ce0c3f-2a7b-40dd-8a42-4148be75d651%22:%91%93}&#8220;]Bodenstabilisierung[\/et_pb_text][\/et_pb_column][\/et_pb_row][\/et_pb_section][et_pb_section fb_built=&#8220;1&#8243; _builder_version=&#8220;4.16&#8243; _module_preset=&#8220;default&#8220; background_color=&#8220;#E9E9E9&#8243; global_colors_info=&#8220;{}&#8220;][et_pb_row _builder_version=&#8220;4.16&#8243; _module_preset=&#8220;default&#8220; background_color=&#8220;#003772&#8243; custom_padding=&#8220;20px|25px|20px|25px|true|true&#8220; global_colors_info=&#8220;{}&#8220;][et_pb_column type=&#8220;4_4&#8243; _builder_version=&#8220;4.16&#8243; _module_preset=&#8220;default&#8220; global_colors_info=&#8220;{}&#8220;][et_pb_text _builder_version=&#8220;4.16&#8243; _module_preset=&#8220;default&#8220; text_text_color=&#8220;#FFFFFF&#8220; text_font_size=&#8220;18px&#8220; text_letter_spacing=&#8220;1px&#8220; global_colors_info=&#8220;{}&#8220;]<\/p>\n<p>Der Einsatz von Kalk im Stra\u00dfenbau f\u00fchrt weit zur\u00fcck, bis hin zu der Zeit der R\u00f6mer.<br \/>Denn schon damals wurde erkannt, dass der Kalk den B\u00f6den eine optimale Verdichtung und Schutz vor Frost bietet. Somit ist er eine hervorragende M\u00f6glichkeit zur Bodenstabilisierung. <\/p>\n<p>[\/et_pb_text][dvmd_table_maker tbl_frame_type=&#8220;lines&#8220; tbl_frame_line_color=&#8220;#003772&#8243; tbl_tcell_cell_color=&#8220;#C8CCDF&#8220; tbl_tcell_cell_align_vert=&#8220;center&#8220; tbl_chead_cell_color=&#8220;#C8CCDF&#8220; tbl_chead_cell_align_horz=&#8220;left&#8220; tbl_chead_cell_align_vert=&#8220;center&#8220; tbl_rhead_cell_color=&#8220;#C8CCDF&#8220; _builder_version=&#8220;4.16&#8243; _module_preset=&#8220;default&#8220; tbl_tcell_text_text_color=&#8220;#373320&#8243; tbl_chead_text_font=&#8220;|700|||||||&#8220; tbl_chead_text_text_color=&#8220;#373320&#8243; tbl_rhead_text_font=&#8220;|700|||||||&#8220; tbl_rhead_text_text_color=&#8220;#373320&#8243; border_width_all_tbl_chead_cell_border=&#8220;0px&#8220; global_colors_info=&#8220;{}&#8220;][dvmd_table_maker_item col_label=&#8220;Produkt&#8220; col_content=&#8220;PRODUKT<br \/>\nFunduCal\u00ae F80<br \/>\nFunduCal\u00ae BK\t&#8220; _builder_version=&#8220;4.16&#8243; _module_preset=&#8220;default&#8220; global_colors_info=&#8220;{}&#8220;][\/dvmd_table_maker_item][dvmd_table_maker_item col_label=&#8220;Typ&#8220; col_content=&#8220;TYP<br \/>\nWei\u00dffeinkalk<br \/>\nBranntkalk&#8220; _builder_version=&#8220;4.16&#8243; _module_preset=&#8220;default&#8220; global_colors_info=&#8220;{}&#8220;][\/dvmd_table_maker_item][dvmd_table_maker_item col_label=&#8220;Bemerkung&#8220; col_content=&#8220;BEMERKUNG<\/p>\n<p>staubreduziert f\u00fcr sensible Areale&#8220; _builder_version=&#8220;4.16&#8243; _module_preset=&#8220;default&#8220; global_colors_info=&#8220;{}&#8220;][\/dvmd_table_maker_item][dvmd_table_maker_item col_label=&#8220;Verladung&#8220; col_content=&#8220;VERLADUNG IN<br \/>\nSilo-LKW, Schneckenstreuer, Big Bags<br \/>\nSilo-LKW, Schneckenstreuer, Big Bags&#8220; _builder_version=&#8220;4.16&#8243; _module_preset=&#8220;default&#8220; global_colors_info=&#8220;{}&#8220;][\/dvmd_table_maker_item][\/dvmd_table_maker][\/et_pb_column][\/et_pb_row][\/et_pb_section]<\/p>\n","protected":false},"excerpt":{"rendered":"<p>Produkte + AnwendungsgebieteStra\u00dfenbau \/ TiefbauBodenstabilisierungDer Einsatz von Kalk im Stra\u00dfenbau f\u00fchrt weit zur\u00fcck, bis hin zu der Zeit der R\u00f6mer.Denn schon damals wurde erkannt, dass der Kalk den B\u00f6den eine optimale Verdichtung und Schutz vor Frost bietet. Somit ist er eine hervorragende M\u00f6glichkeit zur Bodenstabilisierung. <div class=\"et_pb_module dvmd_table_maker dvmd_table_maker_0\">\n\t\t\t\t\n\t\t\t\t\n\t\t\t\t\n\t\t\t\t\n\t\t\t\t\n\t\t\t\t\n\t\t\t\t<div class=\"et_pb_module_inner\">\n\t\t\t\t\t\n            <div role=\"table\" class=\"dvmd_tm_table dvmd_tm_max_width_980 dvmd_tm_blocks\">\n                \n            <\/div>\n\t\t\t\t<\/div>\n\t\t\t<\/div><\/p>\n","protected":false},"author":2,"featured_media":0,"parent":0,"menu_order":0,"comment_status":"closed","ping_status":"closed","template":"","meta":{"_et_pb_use_builder":"on","_et_pb_old_content":"","_et_gb_content_width":"","footnotes":""},"class_list":["post-289","page","type-page","status-publish","hentry"],"jetpack_sharing_enabled":true,"_links":{"self":[{"href":"https:\/\/www.breckweg.de\/index.php?rest_route=\/wp\/v2\/pages\/289","targetHints":{"allow":["GET"]}}],"collection":[{"href":"https:\/\/www.breckweg.de\/index.php?rest_route=\/wp\/v2\/pages"}],"about":[{"href":"https:\/\/www.breckweg.de\/index.php?rest_route=\/wp\/v2\/types\/page"}],"author":[{"embeddable":true,"href":"https:\/\/www.breckweg.de\/index.php?rest_route=\/wp\/v2\/users\/2"}],"replies":[{"embeddable":true,"href":"https:\/\/www.breckweg.de\/index.php?rest_route=%2Fwp%2Fv2%2Fcomments&post=289"}],"version-history":[{"count":10,"href":"https:\/\/www.breckweg.de\/index.php?rest_route=\/wp\/v2\/pages\/289\/revisions"}],"predecessor-version":[{"id":245452,"href":"https:\/\/www.breckweg.de\/index.php?rest_route=\/wp\/v2\/pages\/289\/revisions\/245452"}],"wp:attachment":[{"href":"https:\/\/www.breckweg.de\/index.php?rest_route=%2Fwp%2Fv2%2Fmedia&parent=289"}],"curies":[{"name":"wp","href":"https:\/\/api.w.org\/{rel}","templated":true}]}}