{"id":364,"date":"2021-08-11T12:37:18","date_gmt":"2021-08-11T10:37:18","guid":{"rendered":"https:\/\/breckweg.staging.hrnetzwerk.de\/?page_id=364"},"modified":"2021-10-01T09:52:00","modified_gmt":"2021-10-01T07:52:00","slug":"substrate-2","status":"publish","type":"page","link":"https:\/\/www.breckweg.de\/?page_id=364","title":{"rendered":"Substrate"},"content":{"rendered":"<p>[et_pb_section fb_built=&#8220;1&#8243; admin_label=&#8220;Header&#8220; _builder_version=&#8220;4.9.11&#8243; _module_preset=&#8220;default&#8220; background_color=&#8220;#E9E9E9&#8243; background_enable_image=&#8220;off&#8220; background_position=&#8220;top_center&#8220; custom_padding=&#8220;24px||0px||false|false&#8220; locked=&#8220;off&#8220; global_colors_info=&#8220;{}&#8220;][et_pb_row _builder_version=&#8220;4.9.4&#8243; _module_preset=&#8220;default&#8220; custom_padding=&#8220;0px|||||&#8220; global_colors_info=&#8220;{}&#8220;][et_pb_column type=&#8220;4_4&#8243; _builder_version=&#8220;4.9.4&#8243; _module_preset=&#8220;default&#8220; global_colors_info=&#8220;{}&#8220;][et_pb_text _builder_version=&#8220;4.9.11&#8243; _module_preset=&#8220;default&#8220; text_font=&#8220;Tajawal|700|||||||&#8220; text_text_color=&#8220;#373320&#8243; text_font_size=&#8220;70px&#8220; text_line_height=&#8220;1.2em&#8220; link_text_color=&#8220;#FE9638&#8243; header_3_text_color=&#8220;#FFFFFF&#8220; background_color=&#8220;#003772&#8243; text_orientation=&#8220;center&#8220; min_height=&#8220;41.5px&#8220; custom_margin=&#8220;||-1px|||&#8220; custom_padding=&#8220;9px|||||&#8220; text_font_size_tablet=&#8220;50px&#8220; text_font_size_phone=&#8220;30px&#8220; text_font_size_last_edited=&#8220;on|phone&#8220; header_font_size_tablet=&#8220;55px&#8220; header_font_size_phone=&#8220;&#8220; header_font_size_last_edited=&#8220;on|tablet&#8220; locked=&#8220;off&#8220; global_colors_info=&#8220;{%22gcid-87cad038-7afd-4dda-acb0-0a24d4ccd112%22:%91%93,%22gcid-431bd12a-5227-4536-9132-2528c0596703%22:%91%93}&#8220; link_font_size__hover_enabled=&#8220;on|desktop&#8220;]<\/p>\n<h2><span style=\"color: #ffffff;\"><strong>Produkte + Anwendungsgebiete<\/strong><\/span><\/h2>\n<p>[\/et_pb_text][et_pb_text _builder_version=&#8220;4.9.11&#8243; _module_preset=&#8220;default&#8220; text_font=&#8220;Tajawal|700|||||||&#8220; text_text_color=&#8220;#003772&#8243; text_font_size=&#8220;70px&#8220; text_line_height=&#8220;1.2em&#8220; link_text_color=&#8220;#FE9638&#8243; header_3_text_color=&#8220;#FFFFFF&#8220; text_orientation=&#8220;center&#8220; custom_padding=&#8220;0px|||||&#8220; text_font_size_tablet=&#8220;50px&#8220; text_font_size_phone=&#8220;30px&#8220; text_font_size_last_edited=&#8220;on|phone&#8220; header_font_size_tablet=&#8220;55px&#8220; header_font_size_phone=&#8220;&#8220; header_font_size_last_edited=&#8220;on|tablet&#8220; locked=&#8220;off&#8220; global_colors_info=&#8220;{%22gcid-87cad038-7afd-4dda-acb0-0a24d4ccd112%22:%91%93,%22gcid-431bd12a-5227-4536-9132-2528c0596703%22:%91%93}&#8220; link_font_size__hover_enabled=&#8220;on|desktop&#8220;]<\/p>\n<p>Landwirtschaft<\/p>\n<p>[\/et_pb_text][\/et_pb_column][\/et_pb_row][et_pb_row column_structure=&#8220;3_5,2_5&#8243; _builder_version=&#8220;4.9.4&#8243; _module_preset=&#8220;default&#8220; global_colors_info=&#8220;{}&#8220;][et_pb_column type=&#8220;3_5&#8243; _builder_version=&#8220;4.9.4&#8243; _module_preset=&#8220;default&#8220; global_colors_info=&#8220;{}&#8220;][et_pb_text _builder_version=&#8220;4.9.4&#8243; _module_preset=&#8220;b0bf5418-994a-43d1-aef8-7d7c6764119d&#8220; header_font=&#8220;Tajawal|900|||||||&#8220; header_text_color=&#8220;#000000&#8243; header_font_size=&#8220;100px&#8220; custom_margin=&#8220;||-3px|||&#8220; header_font_size_tablet=&#8220;50px&#8220; header_font_size_phone=&#8220;32px&#8220; header_font_size_last_edited=&#8220;on|phone&#8220; locked=&#8220;off&#8220; global_colors_info=&#8220;{}&#8220;]<\/p>\n<h1><\/h1>\n<p>[\/et_pb_text][et_pb_image src=&#8220;https:\/\/www.breckweg.de\/wp-content\/uploads\/2021\/08\/Substrate_800x500.jpg&#8220; title_text=&#8220;Substrate_800x500&#8243; _builder_version=&#8220;4.9.4&#8243; _module_preset=&#8220;default&#8220; box_shadow_style=&#8220;preset1&#8243; box_shadow_color=&#8220;#000000&#8243; global_colors_info=&#8220;{}&#8220;][\/et_pb_image][\/et_pb_column][et_pb_column type=&#8220;2_5&#8243; _builder_version=&#8220;4.9.4&#8243; _module_preset=&#8220;default&#8220; global_colors_info=&#8220;{}&#8220;][et_pb_image src=&#8220;https:\/\/www.breckweg.de\/wp-content\/uploads\/2021\/08\/Original_Breckweg-Logo_freigestellt_500px_72dpi.png&#8220; title_text=&#8220;Original_Breckweg-Logo_freigestellt_500px_72dpi&#8220; align=&#8220;center&#8220; _builder_version=&#8220;4.9.4&#8243; _module_preset=&#8220;default&#8220; custom_margin=&#8220;||81px|||&#8220; global_colors_info=&#8220;{}&#8220;][\/et_pb_image][et_pb_text _builder_version=&#8220;4.9.11&#8243; _module_preset=&#8220;c3c1179e-80e4-4396-b700-51b845e1c46f&#8220; text_font=&#8220;|700|||||||&#8220; text_text_color=&#8220;#FFFFFF&#8220; text_font_size=&#8220;38px&#8220; text_line_height=&#8220;2.8em&#8220; header_2_font=&#8220;Tajawal|700|||||||&#8220; header_2_text_align=&#8220;center&#8220; header_2_text_color=&#8220;#FFD3A4&#8243; header_2_font_size=&#8220;50px&#8220; background_color=&#8220;#003772&#8243; text_orientation=&#8220;center&#8220; custom_margin_last_edited=&#8220;off|desktop&#8220; header_2_font_size_tablet=&#8220;32px&#8220; header_2_font_size_phone=&#8220;20px&#8220; header_2_font_size_last_edited=&#8220;on|phone&#8220; global_colors_info=&#8220;{%22gcid-87ce0c3f-2a7b-40dd-8a42-4148be75d651%22:%91%93}&#8220;]<\/p>\n<p>Substrate<\/p>\n<p>[\/et_pb_text][\/et_pb_column][\/et_pb_row][\/et_pb_section][et_pb_section fb_built=&#8220;1&#8243; _builder_version=&#8220;4.9.11&#8243; _module_preset=&#8220;default&#8220; background_color=&#8220;#E9E9E9&#8243; global_colors_info=&#8220;{}&#8220;][et_pb_row _builder_version=&#8220;4.9.11&#8243; _module_preset=&#8220;default&#8220; background_color=&#8220;#003772&#8243; custom_padding=&#8220;20px|25px|20px|25px|true|true&#8220; global_colors_info=&#8220;{}&#8220;][et_pb_column type=&#8220;4_4&#8243; _builder_version=&#8220;4.9.4&#8243; _module_preset=&#8220;default&#8220; global_colors_info=&#8220;{}&#8220;][et_pb_text _builder_version=&#8220;4.9.4&#8243; _module_preset=&#8220;default&#8220; text_text_color=&#8220;#FFC88D&#8220; text_font_size=&#8220;18px&#8220; text_letter_spacing=&#8220;1px&#8220; global_colors_info=&#8220;{}&#8220;]<\/p>\n<h3><span style=\"color: #ffffff;\"><strong>Substratherstellung f\u00fcr den Gartenbau. <br \/><\/strong><\/span><\/h3>\n<p><span style=\"color: #ffffff;\"><strong><\/strong><\/span><br \/><span style=\"color: #ffffff;\">Der bedeutendste Bestandteil von Substraten f\u00fcr den Erwerbsgartenbau ist Torf.<\/span><br \/><span style=\"color: #ffffff;\">Der pH-Wert von Torf liegt zwischen ca. 3 &#8211; 3,5 bei Wei\u00dftorf und ca. 4 &#8211; 4,5 bei Schwarztorf. Die Anforderung der verschiedenen Kultursubstrate liegt etwa zwischen pH 5 und pH 6,5. Zur Einstellung bedarfsgerechter pH-Werte Ihrer Substrate, bieten wir Kalksteinmehle in verschiedenen Mahlfeinheiten sowie mit und ohne Magnesium an. Zur Qualit\u00e4tssicherung, insbesondere f\u00fcr den Internationalen Markt, sind wir zertifiziert nach RHP und f\u00fchren das RHP-G\u00fctezeichen. <\/span><\/p>\n<p>[\/et_pb_text][dvmd_table_maker tbl_frame_type=&#8220;lines&#8220; tbl_frame_line_color=&#8220;#373320&#8243; tbl_tcell_cell_color=&#8220;#C8CCDF&#8220; tbl_tcell_cell_align_vert=&#8220;center&#8220; tbl_chead_cell_color=&#8220;#C8CCDF&#8220; tbl_chead_cell_align_horz=&#8220;left&#8220; tbl_chead_cell_align_vert=&#8220;center&#8220; tbl_rhead_cell_color=&#8220;#C8CCDF&#8220; _builder_version=&#8220;4.10.8&#8243; _module_preset=&#8220;default&#8220; tbl_tcell_text_text_color=&#8220;#373320&#8243; tbl_chead_text_font=&#8220;|700|||||||&#8220; tbl_chead_text_text_color=&#8220;#373320&#8243; tbl_rhead_text_font=&#8220;|700|||||||&#8220; tbl_rhead_text_text_color=&#8220;#373320&#8243; hover_enabled=&#8220;0&#8243; border_width_all_tbl_chead_cell_border=&#8220;0px&#8220; global_colors_info=&#8220;{}&#8220; sticky_enabled=&#8220;0&#8243;][dvmd_table_maker_item col_label=&#8220;Produkt&#8220; col_content=&#8220;PRODUKT<br \/>\nKalksteinmehl mit Magnesium<br \/>\nKalksteinmehl B006<br \/>\nKalksteinmehl B009&#8243; _builder_version=&#8220;4.9.4&#8243; _module_preset=&#8220;default&#8220; global_colors_info=&#8220;{}&#8220;][\/dvmd_table_maker_item][dvmd_table_maker_item col_label=&#8220;Typ&#8220; col_content=&#8220;TYP<br \/>\nKohlensaurer Kalk<br \/>\nKohlensaurer Kalk<br \/>\nKohlensaurer Kalk&#8220; _builder_version=&#8220;4.9.4&#8243; _module_preset=&#8220;default&#8220; global_colors_info=&#8220;{}&#8220;][\/dvmd_table_maker_item][dvmd_table_maker_item col_label=&#8220;Bemerkung&#8220; col_content=&#8220;BEMERKUNG<br \/>\nRHP-G\u00fctezeichen-Zertifikat<br \/>\nextra fein<br \/>\nfein&#8220; _builder_version=&#8220;4.10.8&#8243; _module_preset=&#8220;default&#8220; hover_enabled=&#8220;0&#8243; global_colors_info=&#8220;{}&#8220; sticky_enabled=&#8220;0&#8243;][\/dvmd_table_maker_item][dvmd_table_maker_item col_label=&#8220;Verladung&#8220; col_content=&#8220;VERLADUNG IN<br \/>\nSilo-LKW, Big Bags<br \/>\nSilo-LKW, Big Bags<br \/>\nSilo-LKW, Big Bags&#8220; _builder_version=&#8220;4.9.4&#8243; _module_preset=&#8220;default&#8220; global_colors_info=&#8220;{}&#8220;][\/dvmd_table_maker_item][\/dvmd_table_maker][\/et_pb_column][\/et_pb_row][\/et_pb_section]<\/p>\n","protected":false},"excerpt":{"rendered":"<p>Produkte + AnwendungsgebieteLandwirtschaftSubstrateSubstratherstellung f\u00fcr den Gartenbau. Der bedeutendste Bestandteil von Substraten f\u00fcr den Erwerbsgartenbau ist Torf.Der pH-Wert von Torf liegt zwischen ca. 3 &#8211; 3,5 bei Wei\u00dftorf und ca. 4 &#8211; 4,5 bei Schwarztorf. Die Anforderung der verschiedenen Kultursubstrate liegt etwa zwischen pH 5 und pH 6,5. Zur Einstellung bedarfsgerechter pH-Werte Ihrer Substrate, bieten wir [&hellip;]<\/p>\n","protected":false},"author":2,"featured_media":0,"parent":0,"menu_order":0,"comment_status":"closed","ping_status":"closed","template":"","meta":{"_et_pb_use_builder":"on","_et_pb_old_content":"","_et_gb_content_width":"","footnotes":""},"class_list":["post-364","page","type-page","status-publish","hentry"],"jetpack_sharing_enabled":true,"_links":{"self":[{"href":"https:\/\/www.breckweg.de\/index.php?rest_route=\/wp\/v2\/pages\/364","targetHints":{"allow":["GET"]}}],"collection":[{"href":"https:\/\/www.breckweg.de\/index.php?rest_route=\/wp\/v2\/pages"}],"about":[{"href":"https:\/\/www.breckweg.de\/index.php?rest_route=\/wp\/v2\/types\/page"}],"author":[{"embeddable":true,"href":"https:\/\/www.breckweg.de\/index.php?rest_route=\/wp\/v2\/users\/2"}],"replies":[{"embeddable":true,"href":"https:\/\/www.breckweg.de\/index.php?rest_route=%2Fwp%2Fv2%2Fcomments&post=364"}],"version-history":[{"count":9,"href":"https:\/\/www.breckweg.de\/index.php?rest_route=\/wp\/v2\/pages\/364\/revisions"}],"predecessor-version":[{"id":245342,"href":"https:\/\/www.breckweg.de\/index.php?rest_route=\/wp\/v2\/pages\/364\/revisions\/245342"}],"wp:attachment":[{"href":"https:\/\/www.breckweg.de\/index.php?rest_route=%2Fwp%2Fv2%2Fmedia&parent=364"}],"curies":[{"name":"wp","href":"https:\/\/api.w.org\/{rel}","templated":true}]}}